{"id":320,"date":"2023-06-20T17:43:39","date_gmt":"2023-06-20T15:43:39","guid":{"rendered":"https:\/\/centrale-mestre.ms2.decms.eu\/pagina-di-esempio\/"},"modified":"2023-12-04T16:11:13","modified_gmt":"2023-12-04T15:11:13","slug":"pagina-di-esempio","status":"publish","type":"page","link":"https:\/\/www.hotelcentralevenice.com\/de\/","title":{"rendered":"HOTEL CENTRALE"},"content":{"rendered":"<p>Das Hotel Centrale befindet sich im Zentrum von Mestre und ist sehr g\u00fcnstig gelegen, um nach Venedig zu gelangen. Es ist ein Stadthotel mit modernem, urbanem Flair.<\/p>\n<p>Unsere Lage erm\u00f6glicht es Ihnen, ausgezeichnete Restaurants zu finden und einen sch\u00f6nen Spaziergang in der Fu\u00dfg\u00e4ngerzone der Stadt zu genie\u00dfen, aber auch Venedig und die Flugh\u00e4fen schnell mit dem \u00f6ffentlichen Bus zu erreichen.<\/p>\n<p>Die Rezeption ist 24 Stunden am Tag ge\u00f6ffnet.<\/p>\n<p>Das Centrale Hotel verf\u00fcgt \u00fcber <strong>99 Zimmer mit eigenem Bad<\/strong>. Die <strong>Sauberkeit der Zimmer und der Empfang<\/strong> der G\u00e4ste werden durch die gro\u00dfe Professionalit\u00e4t unseres Personals garantiert, und der Besuch Venedigs wird mit unseren Ratschl\u00e4gen noch einfacher.<\/p>\n<p>Vom Hotel Centrale <strong>erreichen Sie Venedig in 15 Minuten<\/strong> mit dem Bus, der alle 10 Minuten f\u00e4hrt vor dem Hotel <strong>24 Stunden<\/strong> am Tag. Der <strong>Bahnhof Venedig Mestre<\/strong> ist etwa 12 Minuten zu Fu\u00df oder 3 Stra\u00dfenbahnhaltestellen entfernt.<\/p>\n<p>Von den <strong>Flugh\u00e4fen Venedig und Treviso<\/strong> k\u00f6nnen Sie die Shuttlebusse nutzen, die im Zentrum von Mestre ankommen, die Haltestelle ist 5 Gehminuten vom Hotel Centrale entfernt.<\/p>\n","protected":false},"excerpt":{"rendered":"<p>Das Hotel Centrale befindet sich im Zentrum von Mestre und ist sehr g\u00fcnstig gelegen, um nach Venedig zu gelangen. Es ist ein Stadthotel mit modernem, urbanem Flair. Unsere Lage erm\u00f6glicht es Ihnen, ausgezeichnete Restaurants zu finden und einen sch\u00f6nen Spaziergang in der Fu\u00dfg\u00e4ngerzone der Stadt zu genie\u00dfen, aber auch Venedig und die Flugh\u00e4fen schnell mit [&hellip;]<\/p>\n","protected":false},"author":12,"featured_media":0,"parent":0,"menu_order":0,"comment_status":"closed","ping_status":"closed","template":"","meta":{"footnotes":""},"yoast_head":"<!-- This site is optimized with the Yoast SEO plugin v22.3 - https:\/\/yoast.com\/wordpress\/plugins\/seo\/ -->\n<title>HOTEL CENTRALE - Hotel Centrale Mestre<\/title>\n<meta name=\"description\" content=\"Das Hotel Centrale befindet sich im Zentrum von Mestre und ist sehr g\u00fcnstig gelegen, um nach Venedig zu gelangen. Es ist ein Stadthotel mit modernem, urbanem Flair.  Unsere Lage erm\u00f6glicht es Ihnen, ausgezeichnete Restaurants zu finden und einen sch\u00f6nen Spaziergang in der Fu\u00dfg\u00e4ngerzone der Stadt zu genie\u00dfen, aber auch Venedig und die Flugh\u00e4fen schnell mit dem \u00f6ffentlichen Bus zu erreichen.  Die Rezeption ist 24 Stunden am Tag ge\u00f6ffnet.  Das Centrale Hotel verf\u00fcgt \u00fcber 99 Zimmer mit eigenem Bad\" \/>\n<meta name=\"robots\" content=\"noindex, follow, max-snippet:-1, max-image-preview:large, max-video-preview:-1\" \/>\n<meta property=\"og:locale\" content=\"de_DE\" \/>\n<meta property=\"og:type\" content=\"article\" \/>\n<meta property=\"og:title\" content=\"HOTEL CENTRALE - Hotel Centrale Mestre\" \/>\n<meta property=\"og:description\" content=\"Das Hotel Centrale befindet sich im Zentrum von Mestre und ist sehr g\u00fcnstig gelegen, um nach Venedig zu gelangen. Es ist ein Stadthotel mit modernem, urbanem Flair.  Unsere Lage erm\u00f6glicht es Ihnen, ausgezeichnete Restaurants zu finden und einen sch\u00f6nen Spaziergang in der Fu\u00dfg\u00e4ngerzone der Stadt zu genie\u00dfen, aber auch Venedig und die Flugh\u00e4fen schnell mit dem \u00f6ffentlichen Bus zu erreichen.  Die Rezeption ist 24 Stunden am Tag ge\u00f6ffnet.  Das Centrale Hotel verf\u00fcgt \u00fcber 99 Zimmer mit eigenem Bad\" \/>\n<meta property=\"og:url\" content=\"https:\/\/www.hotelcentralevenice.com\/de\/\" \/>\n<meta property=\"og:site_name\" content=\"Hotel Centrale Mestre\" \/>\n<meta property=\"article:modified_time\" content=\"2023-12-04T15:11:13+00:00\" \/>\n<meta name=\"twitter:card\" content=\"summary_large_image\" \/>\n<meta name=\"twitter:label1\" content=\"Gesch\u00e4tzte Lesezeit\" \/>\n\t<meta name=\"twitter:data1\" content=\"1 Minute\" \/>\n<script type=\"application\/ld+json\" class=\"yoast-schema-graph\">{\"@context\":\"https:\/\/schema.org\",\"@graph\":[{\"@type\":\"WebPage\",\"@id\":\"https:\/\/www.hotelcentralevenice.com\/de\/\",\"url\":\"https:\/\/www.hotelcentralevenice.com\/de\/\",\"name\":\"HOTEL CENTRALE - Hotel Centrale Mestre\",\"isPartOf\":{\"@id\":\"https:\/\/www.hotelcentralevenice.com\/de\/#website\"},\"datePublished\":\"2023-06-20T15:43:39+00:00\",\"dateModified\":\"2023-12-04T15:11:13+00:00\",\"description\":\"Das Hotel Centrale befindet sich im Zentrum von Mestre und ist sehr g\u00fcnstig gelegen, um nach Venedig zu gelangen. Es ist ein Stadthotel mit modernem, urbanem Flair. Unsere Lage erm\u00f6glicht es Ihnen, ausgezeichnete Restaurants zu finden und einen sch\u00f6nen Spaziergang in der Fu\u00dfg\u00e4ngerzone der Stadt zu genie\u00dfen, aber auch Venedig und die Flugh\u00e4fen schnell mit dem \u00f6ffentlichen Bus zu erreichen. Die Rezeption ist 24 Stunden am Tag ge\u00f6ffnet. Das Centrale Hotel verf\u00fcgt \u00fcber 99 Zimmer mit eigenem Bad\",\"breadcrumb\":{\"@id\":\"https:\/\/www.hotelcentralevenice.com\/de\/#breadcrumb\"},\"inLanguage\":\"de-DE\",\"potentialAction\":[{\"@type\":\"ReadAction\",\"target\":[\"https:\/\/www.hotelcentralevenice.com\/de\/\"]}]},{\"@type\":\"BreadcrumbList\",\"@id\":\"https:\/\/www.hotelcentralevenice.com\/de\/#breadcrumb\",\"itemListElement\":[{\"@type\":\"ListItem\",\"position\":1,\"name\":\"Home\",\"item\":\"https:\/\/www.hotelcentralevenice.com\/de\/\"},{\"@type\":\"ListItem\",\"position\":2,\"name\":\"HOTEL CENTRALE\"}]},{\"@type\":\"WebSite\",\"@id\":\"https:\/\/www.hotelcentralevenice.com\/de\/#website\",\"url\":\"https:\/\/www.hotelcentralevenice.com\/de\/\",\"name\":\"Hotel Centrale Mestre\",\"description\":\"\",\"publisher\":{\"@id\":\"https:\/\/www.hotelcentralevenice.com\/de\/#organization\"},\"potentialAction\":[{\"@type\":\"SearchAction\",\"target\":{\"@type\":\"EntryPoint\",\"urlTemplate\":\"https:\/\/www.hotelcentralevenice.com\/de\/?s={search_term_string}\"},\"query-input\":\"required name=search_term_string\"}],\"inLanguage\":\"de-DE\"},{\"@type\":\"Organization\",\"@id\":\"https:\/\/www.hotelcentralevenice.com\/de\/#organization\",\"name\":\"Hotel Centrale Mestre\",\"url\":\"https:\/\/www.hotelcentralevenice.com\/de\/\",\"logo\":{\"@type\":\"ImageObject\",\"inLanguage\":\"de-DE\",\"@id\":\"https:\/\/www.hotelcentralevenice.com\/de\/#\/schema\/logo\/image\/\",\"url\":\"https:\/\/centrale-mestre.ms2.decms.eu\/wp-content\/uploads\/sites\/46\/2023\/06\/Logo-Hotel-Centrale-Rev01.png\",\"contentUrl\":\"https:\/\/centrale-mestre.ms2.decms.eu\/wp-content\/uploads\/sites\/46\/2023\/06\/Logo-Hotel-Centrale-Rev01.png\",\"width\":885,\"height\":227,\"caption\":\"Hotel Centrale Mestre\"},\"image\":{\"@id\":\"https:\/\/www.hotelcentralevenice.com\/de\/#\/schema\/logo\/image\/\"}}]}<\/script>\n<!-- \/ Yoast SEO plugin. -->","yoast_head_json":{"title":"HOTEL CENTRALE - Hotel Centrale Mestre","description":"Das Hotel Centrale befindet sich im Zentrum von Mestre und ist sehr g\u00fcnstig gelegen, um nach Venedig zu gelangen. Es ist ein Stadthotel mit modernem, urbanem Flair.  Unsere Lage erm\u00f6glicht es Ihnen, ausgezeichnete Restaurants zu finden und einen sch\u00f6nen Spaziergang in der Fu\u00dfg\u00e4ngerzone der Stadt zu genie\u00dfen, aber auch Venedig und die Flugh\u00e4fen schnell mit dem \u00f6ffentlichen Bus zu erreichen.  Die Rezeption ist 24 Stunden am Tag ge\u00f6ffnet.  Das Centrale Hotel verf\u00fcgt \u00fcber 99 Zimmer mit eigenem Bad","robots":{"index":"noindex","follow":"follow","max-snippet":"max-snippet:-1","max-image-preview":"max-image-preview:large","max-video-preview":"max-video-preview:-1"},"og_locale":"de_DE","og_type":"article","og_title":"HOTEL CENTRALE - Hotel Centrale Mestre","og_description":"Das Hotel Centrale befindet sich im Zentrum von Mestre und ist sehr g\u00fcnstig gelegen, um nach Venedig zu gelangen. Es ist ein Stadthotel mit modernem, urbanem Flair.  Unsere Lage erm\u00f6glicht es Ihnen, ausgezeichnete Restaurants zu finden und einen sch\u00f6nen Spaziergang in der Fu\u00dfg\u00e4ngerzone der Stadt zu genie\u00dfen, aber auch Venedig und die Flugh\u00e4fen schnell mit dem \u00f6ffentlichen Bus zu erreichen.  Die Rezeption ist 24 Stunden am Tag ge\u00f6ffnet.  Das Centrale Hotel verf\u00fcgt \u00fcber 99 Zimmer mit eigenem Bad","og_url":"https:\/\/www.hotelcentralevenice.com\/de\/","og_site_name":"Hotel Centrale Mestre","article_modified_time":"2023-12-04T15:11:13+00:00","twitter_card":"summary_large_image","twitter_misc":{"Gesch\u00e4tzte Lesezeit":"1 Minute"},"schema":{"@context":"https:\/\/schema.org","@graph":[{"@type":"WebPage","@id":"https:\/\/www.hotelcentralevenice.com\/de\/","url":"https:\/\/www.hotelcentralevenice.com\/de\/","name":"HOTEL CENTRALE - Hotel Centrale Mestre","isPartOf":{"@id":"https:\/\/www.hotelcentralevenice.com\/de\/#website"},"datePublished":"2023-06-20T15:43:39+00:00","dateModified":"2023-12-04T15:11:13+00:00","description":"Das Hotel Centrale befindet sich im Zentrum von Mestre und ist sehr g\u00fcnstig gelegen, um nach Venedig zu gelangen. Es ist ein Stadthotel mit modernem, urbanem Flair. Unsere Lage erm\u00f6glicht es Ihnen, ausgezeichnete Restaurants zu finden und einen sch\u00f6nen Spaziergang in der Fu\u00dfg\u00e4ngerzone der Stadt zu genie\u00dfen, aber auch Venedig und die Flugh\u00e4fen schnell mit dem \u00f6ffentlichen Bus zu erreichen. Die Rezeption ist 24 Stunden am Tag ge\u00f6ffnet. Das Centrale Hotel verf\u00fcgt \u00fcber 99 Zimmer mit eigenem Bad","breadcrumb":{"@id":"https:\/\/www.hotelcentralevenice.com\/de\/#breadcrumb"},"inLanguage":"de-DE","potentialAction":[{"@type":"ReadAction","target":["https:\/\/www.hotelcentralevenice.com\/de\/"]}]},{"@type":"BreadcrumbList","@id":"https:\/\/www.hotelcentralevenice.com\/de\/#breadcrumb","itemListElement":[{"@type":"ListItem","position":1,"name":"Home","item":"https:\/\/www.hotelcentralevenice.com\/de\/"},{"@type":"ListItem","position":2,"name":"HOTEL CENTRALE"}]},{"@type":"WebSite","@id":"https:\/\/www.hotelcentralevenice.com\/de\/#website","url":"https:\/\/www.hotelcentralevenice.com\/de\/","name":"Hotel Centrale Mestre","description":"","publisher":{"@id":"https:\/\/www.hotelcentralevenice.com\/de\/#organization"},"potentialAction":[{"@type":"SearchAction","target":{"@type":"EntryPoint","urlTemplate":"https:\/\/www.hotelcentralevenice.com\/de\/?s={search_term_string}"},"query-input":"required name=search_term_string"}],"inLanguage":"de-DE"},{"@type":"Organization","@id":"https:\/\/www.hotelcentralevenice.com\/de\/#organization","name":"Hotel Centrale Mestre","url":"https:\/\/www.hotelcentralevenice.com\/de\/","logo":{"@type":"ImageObject","inLanguage":"de-DE","@id":"https:\/\/www.hotelcentralevenice.com\/de\/#\/schema\/logo\/image\/","url":"https:\/\/centrale-mestre.ms2.decms.eu\/wp-content\/uploads\/sites\/46\/2023\/06\/Logo-Hotel-Centrale-Rev01.png","contentUrl":"https:\/\/centrale-mestre.ms2.decms.eu\/wp-content\/uploads\/sites\/46\/2023\/06\/Logo-Hotel-Centrale-Rev01.png","width":885,"height":227,"caption":"Hotel Centrale Mestre"},"image":{"@id":"https:\/\/www.hotelcentralevenice.com\/de\/#\/schema\/logo\/image\/"}}]}},"acf":[],"_links":{"self":[{"href":"https:\/\/www.hotelcentralevenice.com\/de\/wp-json\/wp\/v2\/pages\/320"}],"collection":[{"href":"https:\/\/www.hotelcentralevenice.com\/de\/wp-json\/wp\/v2\/pages"}],"about":[{"href":"https:\/\/www.hotelcentralevenice.com\/de\/wp-json\/wp\/v2\/types\/page"}],"author":[{"embeddable":true,"href":"https:\/\/www.hotelcentralevenice.com\/de\/wp-json\/wp\/v2\/users\/12"}],"replies":[{"embeddable":true,"href":"https:\/\/www.hotelcentralevenice.com\/de\/wp-json\/wp\/v2\/comments?post=320"}],"version-history":[{"count":0,"href":"https:\/\/www.hotelcentralevenice.com\/de\/wp-json\/wp\/v2\/pages\/320\/revisions"}],"wp:attachment":[{"href":"https:\/\/www.hotelcentralevenice.com\/de\/wp-json\/wp\/v2\/media?parent=320"}],"curies":[{"name":"wp","href":"https:\/\/api.w.org\/{rel}","templated":true}]}}