{"id":330,"date":"2023-06-22T10:13:54","date_gmt":"2023-06-22T08:13:54","guid":{"rendered":"https:\/\/centrale-mestre.ms2.decms.eu\/unsere-zimmer\/camera-singola\/"},"modified":"2023-12-01T16:31:31","modified_gmt":"2023-12-01T15:31:31","slug":"einzelzimmer","status":"publish","type":"page","link":"https:\/\/www.hotelcentralevenice.com\/de\/unsere-zimmer\/einzelzimmer\/","title":{"rendered":"Einzelzimmer"},"content":{"rendered":"<p>Die Zimmer des Hotel Centrale sind <strong>komfortabel, funktional und professionell gereinigt<\/strong>.<\/p>\n<p>Alle Zimmer verf\u00fcgen \u00fcber ein eigenes Bad und bieten folgende Leistungen: Kostenloses WLAN \u2013 LED-TV (einige Zimmer Smart TV) \u2013 Anpassbare Heizung \/ Klimaanlage. Einige Zimmer verf\u00fcgen \u00fcber einen Balkon.<\/p>\n<p>Obwohl wir uns im Zentrum von Mestre befinden, \u00fcberblickt das Hotel eine Fu\u00dfg\u00e4ngerzone, sodass nachts maximale Ruhe herrscht.<\/p>\n<p>Die Zimmer eignen sich f\u00fcr kurz-\/mittelfristige Aufenthalte f\u00fcr diejenigen, die Komfort und ein hervorragendes <strong>Preis-Leistungs-Verh\u00e4ltnis<\/strong> suchen.<\/p>\n<p>&nbsp;<\/p>\n","protected":false},"excerpt":{"rendered":"<p>Die Zimmer des Hotel Centrale sind komfortabel, funktional und professionell gereinigt. Alle Zimmer verf\u00fcgen \u00fcber ein eigenes Bad und bieten folgende Leistungen: Kostenloses WLAN \u2013 LED-TV (einige Zimmer Smart TV) \u2013 Anpassbare Heizung \/ Klimaanlage. Einige Zimmer verf\u00fcgen \u00fcber einen Balkon. Obwohl wir uns im Zentrum von Mestre befinden, \u00fcberblickt das Hotel eine Fu\u00dfg\u00e4ngerzone, sodass [&hellip;]<\/p>\n","protected":false},"author":12,"featured_media":42,"parent":326,"menu_order":6,"comment_status":"closed","ping_status":"closed","template":"template-single-room.php","meta":{"footnotes":""},"yoast_head":"<!-- This site is optimized with the Yoast SEO plugin v22.3 - https:\/\/yoast.com\/wordpress\/plugins\/seo\/ -->\n<title>Einzelzimmer - Hotel Centrale Mestre<\/title>\n<meta name=\"description\" content=\"Die Zimmer des Hotel Centrale sind komfortabel, funktional und professionell gereinigt.  Alle Zimmer verf\u00fcgen \u00fcber ein eigenes Bad und bieten folgende Leistungen: Kostenloses WLAN \u2013 LED-TV (einige Zimmer Smart TV) \u2013 Anpassbare Heizung \/ Klimaanlage. Einige Zimmer verf\u00fcgen \u00fcber einen Balkon.  Obwohl wir uns im Zentrum von Mestre befinden, \u00fcberblickt das Hotel eine Fu\u00dfg\u00e4ngerzone, sodass nachts maximale Ruhe herrscht.  Die Zimmer eignen sich f\u00fcr kurz-\/mittelfristige Aufenthalte f\u00fcr diejenigen, die Komfort und ein hervorragendes Preis-Leistungs-Verh\u00e4ltnis suchen.  &nbsp;\" \/>\n<meta name=\"robots\" content=\"noindex, follow, max-snippet:-1, max-image-preview:large, max-video-preview:-1\" \/>\n<meta property=\"og:locale\" content=\"de_DE\" \/>\n<meta property=\"og:type\" content=\"article\" \/>\n<meta property=\"og:title\" content=\"Einzelzimmer - Hotel Centrale Mestre\" \/>\n<meta property=\"og:description\" content=\"Die Zimmer des Hotel Centrale sind komfortabel, funktional und professionell gereinigt.  Alle Zimmer verf\u00fcgen \u00fcber ein eigenes Bad und bieten folgende Leistungen: Kostenloses WLAN \u2013 LED-TV (einige Zimmer Smart TV) \u2013 Anpassbare Heizung \/ Klimaanlage. Einige Zimmer verf\u00fcgen \u00fcber einen Balkon.  Obwohl wir uns im Zentrum von Mestre befinden, \u00fcberblickt das Hotel eine Fu\u00dfg\u00e4ngerzone, sodass nachts maximale Ruhe herrscht.  Die Zimmer eignen sich f\u00fcr kurz-\/mittelfristige Aufenthalte f\u00fcr diejenigen, die Komfort und ein hervorragendes Preis-Leistungs-Verh\u00e4ltnis suchen.  &nbsp;\" \/>\n<meta property=\"og:url\" content=\"https:\/\/www.hotelcentralevenice.com\/de\/unsere-zimmer\/einzelzimmer\/\" \/>\n<meta property=\"og:site_name\" content=\"Hotel Centrale Mestre\" \/>\n<meta property=\"article:modified_time\" content=\"2023-12-01T15:31:31+00:00\" \/>\n<meta property=\"og:image\" content=\"https:\/\/www.hotelcentralevenice.com\/wp-content\/uploads\/sites\/46\/2023\/06\/DSC00105.jpg\" \/>\n\t<meta property=\"og:image:width\" content=\"2200\" \/>\n\t<meta property=\"og:image:height\" content=\"1213\" \/>\n\t<meta property=\"og:image:type\" content=\"image\/jpeg\" \/>\n<meta name=\"twitter:card\" content=\"summary_large_image\" \/>\n<script type=\"application\/ld+json\" class=\"yoast-schema-graph\">{\"@context\":\"https:\/\/schema.org\",\"@graph\":[{\"@type\":\"WebPage\",\"@id\":\"https:\/\/www.hotelcentralevenice.com\/de\/unsere-zimmer\/einzelzimmer\/\",\"url\":\"https:\/\/www.hotelcentralevenice.com\/de\/unsere-zimmer\/einzelzimmer\/\",\"name\":\"Einzelzimmer - Hotel Centrale Mestre\",\"isPartOf\":{\"@id\":\"https:\/\/www.hotelcentralevenice.com\/de\/#website\"},\"primaryImageOfPage\":{\"@id\":\"https:\/\/www.hotelcentralevenice.com\/de\/unsere-zimmer\/einzelzimmer\/#primaryimage\"},\"image\":{\"@id\":\"https:\/\/www.hotelcentralevenice.com\/de\/unsere-zimmer\/einzelzimmer\/#primaryimage\"},\"thumbnailUrl\":\"https:\/\/www.hotelcentralevenice.com\/wp-content\/uploads\/sites\/46\/2023\/06\/DSC00105.jpg\",\"datePublished\":\"2023-06-22T08:13:54+00:00\",\"dateModified\":\"2023-12-01T15:31:31+00:00\",\"description\":\"Die Zimmer des Hotel Centrale sind komfortabel, funktional und professionell gereinigt. Alle Zimmer verf\u00fcgen \u00fcber ein eigenes Bad und bieten folgende Leistungen: Kostenloses WLAN \u2013 LED-TV (einige Zimmer Smart TV) \u2013 Anpassbare Heizung \/ Klimaanlage. Einige Zimmer verf\u00fcgen \u00fcber einen Balkon. Obwohl wir uns im Zentrum von Mestre befinden, \u00fcberblickt das Hotel eine Fu\u00dfg\u00e4ngerzone, sodass nachts maximale Ruhe herrscht. Die Zimmer eignen sich f\u00fcr kurz-\/mittelfristige Aufenthalte f\u00fcr diejenigen, die Komfort und ein hervorragendes Preis-Leistungs-Verh\u00e4ltnis suchen. &nbsp;\",\"breadcrumb\":{\"@id\":\"https:\/\/www.hotelcentralevenice.com\/de\/unsere-zimmer\/einzelzimmer\/#breadcrumb\"},\"inLanguage\":\"de-DE\",\"potentialAction\":[{\"@type\":\"ReadAction\",\"target\":[\"https:\/\/www.hotelcentralevenice.com\/de\/unsere-zimmer\/einzelzimmer\/\"]}]},{\"@type\":\"ImageObject\",\"inLanguage\":\"de-DE\",\"@id\":\"https:\/\/www.hotelcentralevenice.com\/de\/unsere-zimmer\/einzelzimmer\/#primaryimage\",\"url\":\"https:\/\/www.hotelcentralevenice.com\/wp-content\/uploads\/sites\/46\/2023\/06\/DSC00105.jpg\",\"contentUrl\":\"https:\/\/www.hotelcentralevenice.com\/wp-content\/uploads\/sites\/46\/2023\/06\/DSC00105.jpg\",\"width\":2200,\"height\":1213},{\"@type\":\"BreadcrumbList\",\"@id\":\"https:\/\/www.hotelcentralevenice.com\/de\/unsere-zimmer\/einzelzimmer\/#breadcrumb\",\"itemListElement\":[{\"@type\":\"ListItem\",\"position\":1,\"name\":\"Home\",\"item\":\"https:\/\/www.hotelcentralevenice.com\/de\/\"},{\"@type\":\"ListItem\",\"position\":2,\"name\":\"Unsere Zimmer\",\"item\":\"https:\/\/www.hotelcentralevenice.com\/de\/unsere-zimmer\/\"},{\"@type\":\"ListItem\",\"position\":3,\"name\":\"Einzelzimmer\"}]},{\"@type\":\"WebSite\",\"@id\":\"https:\/\/www.hotelcentralevenice.com\/de\/#website\",\"url\":\"https:\/\/www.hotelcentralevenice.com\/de\/\",\"name\":\"Hotel Centrale Mestre\",\"description\":\"\",\"publisher\":{\"@id\":\"https:\/\/www.hotelcentralevenice.com\/de\/#organization\"},\"potentialAction\":[{\"@type\":\"SearchAction\",\"target\":{\"@type\":\"EntryPoint\",\"urlTemplate\":\"https:\/\/www.hotelcentralevenice.com\/de\/?s={search_term_string}\"},\"query-input\":\"required name=search_term_string\"}],\"inLanguage\":\"de-DE\"},{\"@type\":\"Organization\",\"@id\":\"https:\/\/www.hotelcentralevenice.com\/de\/#organization\",\"name\":\"Hotel Centrale Mestre\",\"url\":\"https:\/\/www.hotelcentralevenice.com\/de\/\",\"logo\":{\"@type\":\"ImageObject\",\"inLanguage\":\"de-DE\",\"@id\":\"https:\/\/www.hotelcentralevenice.com\/de\/#\/schema\/logo\/image\/\",\"url\":\"https:\/\/centrale-mestre.ms2.decms.eu\/wp-content\/uploads\/sites\/46\/2023\/06\/Logo-Hotel-Centrale-Rev01.png\",\"contentUrl\":\"https:\/\/centrale-mestre.ms2.decms.eu\/wp-content\/uploads\/sites\/46\/2023\/06\/Logo-Hotel-Centrale-Rev01.png\",\"width\":885,\"height\":227,\"caption\":\"Hotel Centrale Mestre\"},\"image\":{\"@id\":\"https:\/\/www.hotelcentralevenice.com\/de\/#\/schema\/logo\/image\/\"}}]}<\/script>\n<!-- \/ Yoast SEO plugin. -->","yoast_head_json":{"title":"Einzelzimmer - Hotel Centrale Mestre","description":"Die Zimmer des Hotel Centrale sind komfortabel, funktional und professionell gereinigt.  Alle Zimmer verf\u00fcgen \u00fcber ein eigenes Bad und bieten folgende Leistungen: Kostenloses WLAN \u2013 LED-TV (einige Zimmer Smart TV) \u2013 Anpassbare Heizung \/ Klimaanlage. Einige Zimmer verf\u00fcgen \u00fcber einen Balkon.  Obwohl wir uns im Zentrum von Mestre befinden, \u00fcberblickt das Hotel eine Fu\u00dfg\u00e4ngerzone, sodass nachts maximale Ruhe herrscht.  Die Zimmer eignen sich f\u00fcr kurz-\/mittelfristige Aufenthalte f\u00fcr diejenigen, die Komfort und ein hervorragendes Preis-Leistungs-Verh\u00e4ltnis suchen.  &nbsp;","robots":{"index":"noindex","follow":"follow","max-snippet":"max-snippet:-1","max-image-preview":"max-image-preview:large","max-video-preview":"max-video-preview:-1"},"og_locale":"de_DE","og_type":"article","og_title":"Einzelzimmer - Hotel Centrale Mestre","og_description":"Die Zimmer des Hotel Centrale sind komfortabel, funktional und professionell gereinigt.  Alle Zimmer verf\u00fcgen \u00fcber ein eigenes Bad und bieten folgende Leistungen: Kostenloses WLAN \u2013 LED-TV (einige Zimmer Smart TV) \u2013 Anpassbare Heizung \/ Klimaanlage. Einige Zimmer verf\u00fcgen \u00fcber einen Balkon.  Obwohl wir uns im Zentrum von Mestre befinden, \u00fcberblickt das Hotel eine Fu\u00dfg\u00e4ngerzone, sodass nachts maximale Ruhe herrscht.  Die Zimmer eignen sich f\u00fcr kurz-\/mittelfristige Aufenthalte f\u00fcr diejenigen, die Komfort und ein hervorragendes Preis-Leistungs-Verh\u00e4ltnis suchen.  &nbsp;","og_url":"https:\/\/www.hotelcentralevenice.com\/de\/unsere-zimmer\/einzelzimmer\/","og_site_name":"Hotel Centrale Mestre","article_modified_time":"2023-12-01T15:31:31+00:00","og_image":[{"width":2200,"height":1213,"url":"https:\/\/www.hotelcentralevenice.com\/wp-content\/uploads\/sites\/46\/2023\/06\/DSC00105.jpg","type":"image\/jpeg"}],"twitter_card":"summary_large_image","schema":{"@context":"https:\/\/schema.org","@graph":[{"@type":"WebPage","@id":"https:\/\/www.hotelcentralevenice.com\/de\/unsere-zimmer\/einzelzimmer\/","url":"https:\/\/www.hotelcentralevenice.com\/de\/unsere-zimmer\/einzelzimmer\/","name":"Einzelzimmer - Hotel Centrale Mestre","isPartOf":{"@id":"https:\/\/www.hotelcentralevenice.com\/de\/#website"},"primaryImageOfPage":{"@id":"https:\/\/www.hotelcentralevenice.com\/de\/unsere-zimmer\/einzelzimmer\/#primaryimage"},"image":{"@id":"https:\/\/www.hotelcentralevenice.com\/de\/unsere-zimmer\/einzelzimmer\/#primaryimage"},"thumbnailUrl":"https:\/\/www.hotelcentralevenice.com\/wp-content\/uploads\/sites\/46\/2023\/06\/DSC00105.jpg","datePublished":"2023-06-22T08:13:54+00:00","dateModified":"2023-12-01T15:31:31+00:00","description":"Die Zimmer des Hotel Centrale sind komfortabel, funktional und professionell gereinigt. Alle Zimmer verf\u00fcgen \u00fcber ein eigenes Bad und bieten folgende Leistungen: Kostenloses WLAN \u2013 LED-TV (einige Zimmer Smart TV) \u2013 Anpassbare Heizung \/ Klimaanlage. Einige Zimmer verf\u00fcgen \u00fcber einen Balkon. Obwohl wir uns im Zentrum von Mestre befinden, \u00fcberblickt das Hotel eine Fu\u00dfg\u00e4ngerzone, sodass nachts maximale Ruhe herrscht. Die Zimmer eignen sich f\u00fcr kurz-\/mittelfristige Aufenthalte f\u00fcr diejenigen, die Komfort und ein hervorragendes Preis-Leistungs-Verh\u00e4ltnis suchen. &nbsp;","breadcrumb":{"@id":"https:\/\/www.hotelcentralevenice.com\/de\/unsere-zimmer\/einzelzimmer\/#breadcrumb"},"inLanguage":"de-DE","potentialAction":[{"@type":"ReadAction","target":["https:\/\/www.hotelcentralevenice.com\/de\/unsere-zimmer\/einzelzimmer\/"]}]},{"@type":"ImageObject","inLanguage":"de-DE","@id":"https:\/\/www.hotelcentralevenice.com\/de\/unsere-zimmer\/einzelzimmer\/#primaryimage","url":"https:\/\/www.hotelcentralevenice.com\/wp-content\/uploads\/sites\/46\/2023\/06\/DSC00105.jpg","contentUrl":"https:\/\/www.hotelcentralevenice.com\/wp-content\/uploads\/sites\/46\/2023\/06\/DSC00105.jpg","width":2200,"height":1213},{"@type":"BreadcrumbList","@id":"https:\/\/www.hotelcentralevenice.com\/de\/unsere-zimmer\/einzelzimmer\/#breadcrumb","itemListElement":[{"@type":"ListItem","position":1,"name":"Home","item":"https:\/\/www.hotelcentralevenice.com\/de\/"},{"@type":"ListItem","position":2,"name":"Unsere Zimmer","item":"https:\/\/www.hotelcentralevenice.com\/de\/unsere-zimmer\/"},{"@type":"ListItem","position":3,"name":"Einzelzimmer"}]},{"@type":"WebSite","@id":"https:\/\/www.hotelcentralevenice.com\/de\/#website","url":"https:\/\/www.hotelcentralevenice.com\/de\/","name":"Hotel Centrale Mestre","description":"","publisher":{"@id":"https:\/\/www.hotelcentralevenice.com\/de\/#organization"},"potentialAction":[{"@type":"SearchAction","target":{"@type":"EntryPoint","urlTemplate":"https:\/\/www.hotelcentralevenice.com\/de\/?s={search_term_string}"},"query-input":"required name=search_term_string"}],"inLanguage":"de-DE"},{"@type":"Organization","@id":"https:\/\/www.hotelcentralevenice.com\/de\/#organization","name":"Hotel Centrale Mestre","url":"https:\/\/www.hotelcentralevenice.com\/de\/","logo":{"@type":"ImageObject","inLanguage":"de-DE","@id":"https:\/\/www.hotelcentralevenice.com\/de\/#\/schema\/logo\/image\/","url":"https:\/\/centrale-mestre.ms2.decms.eu\/wp-content\/uploads\/sites\/46\/2023\/06\/Logo-Hotel-Centrale-Rev01.png","contentUrl":"https:\/\/centrale-mestre.ms2.decms.eu\/wp-content\/uploads\/sites\/46\/2023\/06\/Logo-Hotel-Centrale-Rev01.png","width":885,"height":227,"caption":"Hotel Centrale Mestre"},"image":{"@id":"https:\/\/www.hotelcentralevenice.com\/de\/#\/schema\/logo\/image\/"}}]}},"acf":[],"_links":{"self":[{"href":"https:\/\/www.hotelcentralevenice.com\/de\/wp-json\/wp\/v2\/pages\/330"}],"collection":[{"href":"https:\/\/www.hotelcentralevenice.com\/de\/wp-json\/wp\/v2\/pages"}],"about":[{"href":"https:\/\/www.hotelcentralevenice.com\/de\/wp-json\/wp\/v2\/types\/page"}],"author":[{"embeddable":true,"href":"https:\/\/www.hotelcentralevenice.com\/de\/wp-json\/wp\/v2\/users\/12"}],"replies":[{"embeddable":true,"href":"https:\/\/www.hotelcentralevenice.com\/de\/wp-json\/wp\/v2\/comments?post=330"}],"version-history":[{"count":0,"href":"https:\/\/www.hotelcentralevenice.com\/de\/wp-json\/wp\/v2\/pages\/330\/revisions"}],"up":[{"embeddable":true,"href":"https:\/\/www.hotelcentralevenice.com\/de\/wp-json\/wp\/v2\/pages\/326"}],"wp:featuredmedia":[{"embeddable":true,"href":"https:\/\/www.hotelcentralevenice.com\/de\/wp-json\/wp\/v2\/media\/42"}],"wp:attachment":[{"href":"https:\/\/www.hotelcentralevenice.com\/de\/wp-json\/wp\/v2\/media?parent=330"}],"curies":[{"name":"wp","href":"https:\/\/api.w.org\/{rel}","templated":true}]}}