{"id":329,"date":"2023-06-22T10:13:54","date_gmt":"2023-06-22T08:13:54","guid":{"rendered":"https:\/\/centrale-mestre.ms2.decms.eu\/nos-chambres\/camera-singola\/"},"modified":"2023-12-04T15:36:28","modified_gmt":"2023-12-04T14:36:28","slug":"chambre-simple","status":"publish","type":"page","link":"https:\/\/www.hotelcentralevenice.com\/fr\/nos-chambres\/chambre-simple\/","title":{"rendered":"Chambre Simple"},"content":{"rendered":"<p>Les chambres de l\u2019H\u00f4tel Centrale sont <strong>confortables, fonctionnelles et nettoy\u00e9es par des professionnels<\/strong>.<\/p>\n<p>Toutes les chambres ont une salle de bain priv\u00e9e et offrent les services suivants : Wi-Fi gratuit \u2013 TV LED (certaines chambres Smart TV) \u2013 Chauffage\/climatisation personnalisable. Certaines chambres ont un balcon.<\/p>\n<p>Bien que nous soyons au centre de Mestre, l\u2019h\u00f4tel donne sur une zone pi\u00e9tonne, donc il y a un maximum de tranquillit\u00e9 pendant la nuit.<\/p>\n<p>Les chambres sont adapt\u00e9es aux s\u00e9jours de courte \/ moyenne dur\u00e9e pour ceux qui recherchent le confort et un <strong>excellent rapport qualit\u00e9-prix<\/strong>.<\/p>\n<p>&nbsp;<\/p>\n","protected":false},"excerpt":{"rendered":"<p>Les chambres de l\u2019H\u00f4tel Centrale sont confortables, fonctionnelles et nettoy\u00e9es par des professionnels. Toutes les chambres ont une salle de bain priv\u00e9e et offrent les services suivants : Wi-Fi gratuit \u2013 TV LED (certaines chambres Smart TV) \u2013 Chauffage\/climatisation personnalisable. Certaines chambres ont un balcon. Bien que nous soyons au centre de Mestre, l\u2019h\u00f4tel donne [&hellip;]<\/p>\n","protected":false},"author":12,"featured_media":41,"parent":325,"menu_order":6,"comment_status":"closed","ping_status":"closed","template":"template-single-room.php","meta":{"footnotes":""},"class_list":["post-329","page","type-page","status-publish","has-post-thumbnail","hentry"],"yoast_head":"<!-- This site is optimized with the Yoast SEO plugin v27.3 - https:\/\/yoast.com\/product\/yoast-seo-wordpress\/ -->\n<title>Chambre Simple - Hotel Centrale Mestre<\/title>\n<meta name=\"description\" content=\"Les chambres de l\u2019H\u00f4tel Centrale sont confortables, fonctionnelles et nettoy\u00e9es par des professionnels.  Toutes les chambres ont une salle de bain priv\u00e9e et offrent les services suivants : Wi-Fi gratuit \u2013 TV LED (certaines chambres Smart TV) \u2013 Chauffage\/climatisation personnalisable. Certaines chambres ont un balcon.  Bien que nous soyons au centre de Mestre, l\u2019h\u00f4tel donne sur une zone pi\u00e9tonne, donc il y a un maximum de tranquillit\u00e9 pendant la nuit.  Les chambres sont adapt\u00e9es aux s\u00e9jours de courte \/ moyenne dur\u00e9e pour ceux qui recherchent le confort et un excellent rapport qualit\u00e9-prix.  &nbsp;\" \/>\n<meta name=\"robots\" content=\"noindex, follow, max-snippet:-1, max-image-preview:large, max-video-preview:-1\" \/>\n<meta property=\"og:locale\" content=\"fr_FR\" \/>\n<meta property=\"og:type\" content=\"article\" \/>\n<meta property=\"og:title\" content=\"Chambre Simple - Hotel Centrale Mestre\" \/>\n<meta property=\"og:description\" content=\"Les chambres de l\u2019H\u00f4tel Centrale sont confortables, fonctionnelles et nettoy\u00e9es par des professionnels.  Toutes les chambres ont une salle de bain priv\u00e9e et offrent les services suivants : Wi-Fi gratuit \u2013 TV LED (certaines chambres Smart TV) \u2013 Chauffage\/climatisation personnalisable. Certaines chambres ont un balcon.  Bien que nous soyons au centre de Mestre, l\u2019h\u00f4tel donne sur une zone pi\u00e9tonne, donc il y a un maximum de tranquillit\u00e9 pendant la nuit.  Les chambres sont adapt\u00e9es aux s\u00e9jours de courte \/ moyenne dur\u00e9e pour ceux qui recherchent le confort et un excellent rapport qualit\u00e9-prix.  &nbsp;\" \/>\n<meta property=\"og:url\" content=\"https:\/\/www.hotelcentralevenice.com\/fr\/nos-chambres\/chambre-simple\/\" \/>\n<meta property=\"og:site_name\" content=\"Hotel Centrale Mestre\" \/>\n<meta property=\"article:modified_time\" content=\"2023-12-04T14:36:28+00:00\" \/>\n<meta property=\"og:image\" content=\"https:\/\/www.hotelcentralevenice.com\/wp-content\/uploads\/sites\/46\/2023\/06\/DSC00105.jpg\" \/>\n\t<meta property=\"og:image:width\" content=\"2200\" \/>\n\t<meta property=\"og:image:height\" content=\"1213\" \/>\n\t<meta property=\"og:image:type\" content=\"image\/jpeg\" \/>\n<meta name=\"twitter:card\" content=\"summary_large_image\" \/>\n<script type=\"application\/ld+json\" class=\"yoast-schema-graph\">{\"@context\":\"https:\\\/\\\/schema.org\",\"@graph\":[{\"@type\":\"WebPage\",\"@id\":\"https:\\\/\\\/www.hotelcentralevenice.com\\\/fr\\\/nos-chambres\\\/chambre-simple\\\/\",\"url\":\"https:\\\/\\\/www.hotelcentralevenice.com\\\/fr\\\/nos-chambres\\\/chambre-simple\\\/\",\"name\":\"Chambre Simple - Hotel Centrale Mestre\",\"isPartOf\":{\"@id\":\"https:\\\/\\\/www.hotelcentralevenice.com\\\/fr\\\/#website\"},\"primaryImageOfPage\":{\"@id\":\"https:\\\/\\\/www.hotelcentralevenice.com\\\/fr\\\/nos-chambres\\\/chambre-simple\\\/#primaryimage\"},\"image\":{\"@id\":\"https:\\\/\\\/www.hotelcentralevenice.com\\\/fr\\\/nos-chambres\\\/chambre-simple\\\/#primaryimage\"},\"thumbnailUrl\":\"https:\\\/\\\/www.hotelcentralevenice.com\\\/wp-content\\\/uploads\\\/sites\\\/46\\\/2023\\\/06\\\/DSC00105.jpg\",\"datePublished\":\"2023-06-22T08:13:54+00:00\",\"dateModified\":\"2023-12-04T14:36:28+00:00\",\"description\":\"Les chambres de l\u2019H\u00f4tel Centrale sont confortables, fonctionnelles et nettoy\u00e9es par des professionnels. Toutes les chambres ont une salle de bain priv\u00e9e et offrent les services suivants : Wi-Fi gratuit \u2013 TV LED (certaines chambres Smart TV) \u2013 Chauffage\\\/climatisation personnalisable. Certaines chambres ont un balcon. Bien que nous soyons au centre de Mestre, l\u2019h\u00f4tel donne sur une zone pi\u00e9tonne, donc il y a un maximum de tranquillit\u00e9 pendant la nuit. Les chambres sont adapt\u00e9es aux s\u00e9jours de courte \\\/ moyenne dur\u00e9e pour ceux qui recherchent le confort et un excellent rapport qualit\u00e9-prix. &nbsp;\",\"breadcrumb\":{\"@id\":\"https:\\\/\\\/www.hotelcentralevenice.com\\\/fr\\\/nos-chambres\\\/chambre-simple\\\/#breadcrumb\"},\"inLanguage\":\"fr-FR\",\"potentialAction\":[{\"@type\":\"ReadAction\",\"target\":[\"https:\\\/\\\/www.hotelcentralevenice.com\\\/fr\\\/nos-chambres\\\/chambre-simple\\\/\"]}]},{\"@type\":\"ImageObject\",\"inLanguage\":\"fr-FR\",\"@id\":\"https:\\\/\\\/www.hotelcentralevenice.com\\\/fr\\\/nos-chambres\\\/chambre-simple\\\/#primaryimage\",\"url\":\"https:\\\/\\\/www.hotelcentralevenice.com\\\/wp-content\\\/uploads\\\/sites\\\/46\\\/2023\\\/06\\\/DSC00105.jpg\",\"contentUrl\":\"https:\\\/\\\/www.hotelcentralevenice.com\\\/wp-content\\\/uploads\\\/sites\\\/46\\\/2023\\\/06\\\/DSC00105.jpg\",\"width\":2200,\"height\":1213},{\"@type\":\"BreadcrumbList\",\"@id\":\"https:\\\/\\\/www.hotelcentralevenice.com\\\/fr\\\/nos-chambres\\\/chambre-simple\\\/#breadcrumb\",\"itemListElement\":[{\"@type\":\"ListItem\",\"position\":1,\"name\":\"Home\",\"item\":\"https:\\\/\\\/www.hotelcentralevenice.com\\\/fr\\\/\"},{\"@type\":\"ListItem\",\"position\":2,\"name\":\"Nos Chambres\",\"item\":\"https:\\\/\\\/www.hotelcentralevenice.com\\\/fr\\\/nos-chambres\\\/\"},{\"@type\":\"ListItem\",\"position\":3,\"name\":\"Chambre Simple\"}]},{\"@type\":\"WebSite\",\"@id\":\"https:\\\/\\\/www.hotelcentralevenice.com\\\/fr\\\/#website\",\"url\":\"https:\\\/\\\/www.hotelcentralevenice.com\\\/fr\\\/\",\"name\":\"Hotel Centrale Mestre\",\"description\":\"\",\"publisher\":{\"@id\":\"https:\\\/\\\/www.hotelcentralevenice.com\\\/fr\\\/#organization\"},\"potentialAction\":[{\"@type\":\"SearchAction\",\"target\":{\"@type\":\"EntryPoint\",\"urlTemplate\":\"https:\\\/\\\/www.hotelcentralevenice.com\\\/fr\\\/?s={search_term_string}\"},\"query-input\":{\"@type\":\"PropertyValueSpecification\",\"valueRequired\":true,\"valueName\":\"search_term_string\"}}],\"inLanguage\":\"fr-FR\"},{\"@type\":\"Organization\",\"@id\":\"https:\\\/\\\/www.hotelcentralevenice.com\\\/fr\\\/#organization\",\"name\":\"Hotel Centrale Mestre\",\"url\":\"https:\\\/\\\/www.hotelcentralevenice.com\\\/fr\\\/\",\"logo\":{\"@type\":\"ImageObject\",\"inLanguage\":\"fr-FR\",\"@id\":\"https:\\\/\\\/www.hotelcentralevenice.com\\\/fr\\\/#\\\/schema\\\/logo\\\/image\\\/\",\"url\":\"https:\\\/\\\/centrale-mestre.ms2.decms.eu\\\/wp-content\\\/uploads\\\/sites\\\/46\\\/2023\\\/06\\\/Logo-Hotel-Centrale-Rev01.png\",\"contentUrl\":\"https:\\\/\\\/centrale-mestre.ms2.decms.eu\\\/wp-content\\\/uploads\\\/sites\\\/46\\\/2023\\\/06\\\/Logo-Hotel-Centrale-Rev01.png\",\"width\":885,\"height\":227,\"caption\":\"Hotel Centrale Mestre\"},\"image\":{\"@id\":\"https:\\\/\\\/www.hotelcentralevenice.com\\\/fr\\\/#\\\/schema\\\/logo\\\/image\\\/\"}}]}<\/script>\n<!-- \/ Yoast SEO plugin. -->","yoast_head_json":{"title":"Chambre Simple - Hotel Centrale Mestre","description":"Les chambres de l\u2019H\u00f4tel Centrale sont confortables, fonctionnelles et nettoy\u00e9es par des professionnels.  Toutes les chambres ont une salle de bain priv\u00e9e et offrent les services suivants : Wi-Fi gratuit \u2013 TV LED (certaines chambres Smart TV) \u2013 Chauffage\/climatisation personnalisable. Certaines chambres ont un balcon.  Bien que nous soyons au centre de Mestre, l\u2019h\u00f4tel donne sur une zone pi\u00e9tonne, donc il y a un maximum de tranquillit\u00e9 pendant la nuit.  Les chambres sont adapt\u00e9es aux s\u00e9jours de courte \/ moyenne dur\u00e9e pour ceux qui recherchent le confort et un excellent rapport qualit\u00e9-prix.  &nbsp;","robots":{"index":"noindex","follow":"follow","max-snippet":"max-snippet:-1","max-image-preview":"max-image-preview:large","max-video-preview":"max-video-preview:-1"},"og_locale":"fr_FR","og_type":"article","og_title":"Chambre Simple - Hotel Centrale Mestre","og_description":"Les chambres de l\u2019H\u00f4tel Centrale sont confortables, fonctionnelles et nettoy\u00e9es par des professionnels.  Toutes les chambres ont une salle de bain priv\u00e9e et offrent les services suivants : Wi-Fi gratuit \u2013 TV LED (certaines chambres Smart TV) \u2013 Chauffage\/climatisation personnalisable. Certaines chambres ont un balcon.  Bien que nous soyons au centre de Mestre, l\u2019h\u00f4tel donne sur une zone pi\u00e9tonne, donc il y a un maximum de tranquillit\u00e9 pendant la nuit.  Les chambres sont adapt\u00e9es aux s\u00e9jours de courte \/ moyenne dur\u00e9e pour ceux qui recherchent le confort et un excellent rapport qualit\u00e9-prix.  &nbsp;","og_url":"https:\/\/www.hotelcentralevenice.com\/fr\/nos-chambres\/chambre-simple\/","og_site_name":"Hotel Centrale Mestre","article_modified_time":"2023-12-04T14:36:28+00:00","og_image":[{"width":2200,"height":1213,"url":"https:\/\/www.hotelcentralevenice.com\/wp-content\/uploads\/sites\/46\/2023\/06\/DSC00105.jpg","type":"image\/jpeg"}],"twitter_card":"summary_large_image","schema":{"@context":"https:\/\/schema.org","@graph":[{"@type":"WebPage","@id":"https:\/\/www.hotelcentralevenice.com\/fr\/nos-chambres\/chambre-simple\/","url":"https:\/\/www.hotelcentralevenice.com\/fr\/nos-chambres\/chambre-simple\/","name":"Chambre Simple - Hotel Centrale Mestre","isPartOf":{"@id":"https:\/\/www.hotelcentralevenice.com\/fr\/#website"},"primaryImageOfPage":{"@id":"https:\/\/www.hotelcentralevenice.com\/fr\/nos-chambres\/chambre-simple\/#primaryimage"},"image":{"@id":"https:\/\/www.hotelcentralevenice.com\/fr\/nos-chambres\/chambre-simple\/#primaryimage"},"thumbnailUrl":"https:\/\/www.hotelcentralevenice.com\/wp-content\/uploads\/sites\/46\/2023\/06\/DSC00105.jpg","datePublished":"2023-06-22T08:13:54+00:00","dateModified":"2023-12-04T14:36:28+00:00","description":"Les chambres de l\u2019H\u00f4tel Centrale sont confortables, fonctionnelles et nettoy\u00e9es par des professionnels. Toutes les chambres ont une salle de bain priv\u00e9e et offrent les services suivants : Wi-Fi gratuit \u2013 TV LED (certaines chambres Smart TV) \u2013 Chauffage\/climatisation personnalisable. Certaines chambres ont un balcon. Bien que nous soyons au centre de Mestre, l\u2019h\u00f4tel donne sur une zone pi\u00e9tonne, donc il y a un maximum de tranquillit\u00e9 pendant la nuit. Les chambres sont adapt\u00e9es aux s\u00e9jours de courte \/ moyenne dur\u00e9e pour ceux qui recherchent le confort et un excellent rapport qualit\u00e9-prix. &nbsp;","breadcrumb":{"@id":"https:\/\/www.hotelcentralevenice.com\/fr\/nos-chambres\/chambre-simple\/#breadcrumb"},"inLanguage":"fr-FR","potentialAction":[{"@type":"ReadAction","target":["https:\/\/www.hotelcentralevenice.com\/fr\/nos-chambres\/chambre-simple\/"]}]},{"@type":"ImageObject","inLanguage":"fr-FR","@id":"https:\/\/www.hotelcentralevenice.com\/fr\/nos-chambres\/chambre-simple\/#primaryimage","url":"https:\/\/www.hotelcentralevenice.com\/wp-content\/uploads\/sites\/46\/2023\/06\/DSC00105.jpg","contentUrl":"https:\/\/www.hotelcentralevenice.com\/wp-content\/uploads\/sites\/46\/2023\/06\/DSC00105.jpg","width":2200,"height":1213},{"@type":"BreadcrumbList","@id":"https:\/\/www.hotelcentralevenice.com\/fr\/nos-chambres\/chambre-simple\/#breadcrumb","itemListElement":[{"@type":"ListItem","position":1,"name":"Home","item":"https:\/\/www.hotelcentralevenice.com\/fr\/"},{"@type":"ListItem","position":2,"name":"Nos Chambres","item":"https:\/\/www.hotelcentralevenice.com\/fr\/nos-chambres\/"},{"@type":"ListItem","position":3,"name":"Chambre Simple"}]},{"@type":"WebSite","@id":"https:\/\/www.hotelcentralevenice.com\/fr\/#website","url":"https:\/\/www.hotelcentralevenice.com\/fr\/","name":"Hotel Centrale Mestre","description":"","publisher":{"@id":"https:\/\/www.hotelcentralevenice.com\/fr\/#organization"},"potentialAction":[{"@type":"SearchAction","target":{"@type":"EntryPoint","urlTemplate":"https:\/\/www.hotelcentralevenice.com\/fr\/?s={search_term_string}"},"query-input":{"@type":"PropertyValueSpecification","valueRequired":true,"valueName":"search_term_string"}}],"inLanguage":"fr-FR"},{"@type":"Organization","@id":"https:\/\/www.hotelcentralevenice.com\/fr\/#organization","name":"Hotel Centrale Mestre","url":"https:\/\/www.hotelcentralevenice.com\/fr\/","logo":{"@type":"ImageObject","inLanguage":"fr-FR","@id":"https:\/\/www.hotelcentralevenice.com\/fr\/#\/schema\/logo\/image\/","url":"https:\/\/centrale-mestre.ms2.decms.eu\/wp-content\/uploads\/sites\/46\/2023\/06\/Logo-Hotel-Centrale-Rev01.png","contentUrl":"https:\/\/centrale-mestre.ms2.decms.eu\/wp-content\/uploads\/sites\/46\/2023\/06\/Logo-Hotel-Centrale-Rev01.png","width":885,"height":227,"caption":"Hotel Centrale Mestre"},"image":{"@id":"https:\/\/www.hotelcentralevenice.com\/fr\/#\/schema\/logo\/image\/"}}]}},"acf":[],"_links":{"self":[{"href":"https:\/\/www.hotelcentralevenice.com\/fr\/wp-json\/wp\/v2\/pages\/329","targetHints":{"allow":["GET"]}}],"collection":[{"href":"https:\/\/www.hotelcentralevenice.com\/fr\/wp-json\/wp\/v2\/pages"}],"about":[{"href":"https:\/\/www.hotelcentralevenice.com\/fr\/wp-json\/wp\/v2\/types\/page"}],"author":[{"embeddable":true,"href":"https:\/\/www.hotelcentralevenice.com\/fr\/wp-json\/wp\/v2\/users\/12"}],"replies":[{"embeddable":true,"href":"https:\/\/www.hotelcentralevenice.com\/fr\/wp-json\/wp\/v2\/comments?post=329"}],"version-history":[{"count":0,"href":"https:\/\/www.hotelcentralevenice.com\/fr\/wp-json\/wp\/v2\/pages\/329\/revisions"}],"up":[{"embeddable":true,"href":"https:\/\/www.hotelcentralevenice.com\/fr\/wp-json\/wp\/v2\/pages\/325"}],"wp:featuredmedia":[{"embeddable":true,"href":"https:\/\/www.hotelcentralevenice.com\/fr\/wp-json\/wp\/v2\/media\/41"}],"wp:attachment":[{"href":"https:\/\/www.hotelcentralevenice.com\/fr\/wp-json\/wp\/v2\/media?parent=329"}],"curies":[{"name":"wp","href":"https:\/\/api.w.org\/{rel}","templated":true}]}}