{"id":382,"date":"2023-06-23T14:39:57","date_gmt":"2023-06-23T12:39:57","guid":{"rendered":"https:\/\/centrale-mestre.ms2.decms.eu\/dove-ognuno-e-benvenuto\/"},"modified":"2023-12-04T12:42:59","modified_gmt":"2023-12-04T11:42:59","slug":"ou-tout-le-monde-est-le-bienvenu","status":"publish","type":"page","link":"https:\/\/www.hotelcentralevenice.com\/fr\/ou-tout-le-monde-est-le-bienvenu\/","title":{"rendered":"O\u00f9 tout le monde est le bienvenu"},"content":{"rendered":"<p style=\"text-align: center;\">L\u2019H\u00f4tel Centrale est un h\u00f4tel <strong>Bike Friendly, Pets Friendly et parfaitement adapt\u00e9 aux familles avec enfants.<\/strong><\/p>\n<p>&nbsp;<\/p>\n<p>&nbsp;<\/p>\n","protected":false},"excerpt":{"rendered":"<p>L\u2019H\u00f4tel Centrale est un h\u00f4tel Bike Friendly, Pets Friendly et parfaitement adapt\u00e9 aux familles avec enfants. &nbsp; &nbsp;<\/p>\n","protected":false},"author":12,"featured_media":0,"parent":0,"menu_order":30,"comment_status":"closed","ping_status":"closed","template":"template-default-2.php","meta":{"footnotes":""},"yoast_head":"<!-- This site is optimized with the Yoast SEO plugin v22.3 - https:\/\/yoast.com\/wordpress\/plugins\/seo\/ -->\n<title>O\u00f9 tout le monde est le bienvenu - Hotel Centrale Mestre<\/title>\n<meta name=\"description\" content=\"L\u2019H\u00f4tel Centrale est un h\u00f4tel Bike Friendly, Pets Friendly et parfaitement adapt\u00e9 aux familles avec enfants. &nbsp;  &nbsp;.\" \/>\n<meta name=\"robots\" content=\"noindex, follow, max-snippet:-1, max-image-preview:large, max-video-preview:-1\" \/>\n<meta property=\"og:locale\" content=\"fr_FR\" \/>\n<meta property=\"og:type\" content=\"article\" \/>\n<meta property=\"og:title\" content=\"O\u00f9 tout le monde est le bienvenu - Hotel Centrale Mestre\" \/>\n<meta property=\"og:description\" content=\"L\u2019H\u00f4tel Centrale est un h\u00f4tel Bike Friendly, Pets Friendly et parfaitement adapt\u00e9 aux familles avec enfants. &nbsp;  &nbsp;.\" \/>\n<meta property=\"og:url\" content=\"https:\/\/www.hotelcentralevenice.com\/fr\/ou-tout-le-monde-est-le-bienvenu\/\" \/>\n<meta property=\"og:site_name\" content=\"Hotel Centrale Mestre\" \/>\n<meta property=\"article:modified_time\" content=\"2023-12-04T11:42:59+00:00\" \/>\n<meta name=\"twitter:card\" content=\"summary_large_image\" \/>\n<meta name=\"twitter:label1\" content=\"Dur\u00e9e de lecture estim\u00e9e\" \/>\n\t<meta name=\"twitter:data1\" content=\"1 minute\" \/>\n<script type=\"application\/ld+json\" class=\"yoast-schema-graph\">{\"@context\":\"https:\/\/schema.org\",\"@graph\":[{\"@type\":\"WebPage\",\"@id\":\"https:\/\/www.hotelcentralevenice.com\/fr\/ou-tout-le-monde-est-le-bienvenu\/\",\"url\":\"https:\/\/www.hotelcentralevenice.com\/fr\/ou-tout-le-monde-est-le-bienvenu\/\",\"name\":\"O\u00f9 tout le monde est le bienvenu - Hotel Centrale Mestre\",\"isPartOf\":{\"@id\":\"https:\/\/www.hotelcentralevenice.com\/fr\/#website\"},\"datePublished\":\"2023-06-23T12:39:57+00:00\",\"dateModified\":\"2023-12-04T11:42:59+00:00\",\"description\":\"L\u2019H\u00f4tel Centrale est un h\u00f4tel Bike Friendly, Pets Friendly et parfaitement adapt\u00e9 aux familles avec enfants. &nbsp; &nbsp;.\",\"breadcrumb\":{\"@id\":\"https:\/\/www.hotelcentralevenice.com\/fr\/ou-tout-le-monde-est-le-bienvenu\/#breadcrumb\"},\"inLanguage\":\"fr-FR\",\"potentialAction\":[{\"@type\":\"ReadAction\",\"target\":[\"https:\/\/www.hotelcentralevenice.com\/fr\/ou-tout-le-monde-est-le-bienvenu\/\"]}]},{\"@type\":\"BreadcrumbList\",\"@id\":\"https:\/\/www.hotelcentralevenice.com\/fr\/ou-tout-le-monde-est-le-bienvenu\/#breadcrumb\",\"itemListElement\":[{\"@type\":\"ListItem\",\"position\":1,\"name\":\"Home\",\"item\":\"https:\/\/www.hotelcentralevenice.com\/fr\/\"},{\"@type\":\"ListItem\",\"position\":2,\"name\":\"O\u00f9 tout le monde est le bienvenu\"}]},{\"@type\":\"WebSite\",\"@id\":\"https:\/\/www.hotelcentralevenice.com\/fr\/#website\",\"url\":\"https:\/\/www.hotelcentralevenice.com\/fr\/\",\"name\":\"Hotel Centrale Mestre\",\"description\":\"\",\"publisher\":{\"@id\":\"https:\/\/www.hotelcentralevenice.com\/fr\/#organization\"},\"potentialAction\":[{\"@type\":\"SearchAction\",\"target\":{\"@type\":\"EntryPoint\",\"urlTemplate\":\"https:\/\/www.hotelcentralevenice.com\/fr\/?s={search_term_string}\"},\"query-input\":\"required name=search_term_string\"}],\"inLanguage\":\"fr-FR\"},{\"@type\":\"Organization\",\"@id\":\"https:\/\/www.hotelcentralevenice.com\/fr\/#organization\",\"name\":\"Hotel Centrale Mestre\",\"url\":\"https:\/\/www.hotelcentralevenice.com\/fr\/\",\"logo\":{\"@type\":\"ImageObject\",\"inLanguage\":\"fr-FR\",\"@id\":\"https:\/\/www.hotelcentralevenice.com\/fr\/#\/schema\/logo\/image\/\",\"url\":\"https:\/\/centrale-mestre.ms2.decms.eu\/wp-content\/uploads\/sites\/46\/2023\/06\/Logo-Hotel-Centrale-Rev01.png\",\"contentUrl\":\"https:\/\/centrale-mestre.ms2.decms.eu\/wp-content\/uploads\/sites\/46\/2023\/06\/Logo-Hotel-Centrale-Rev01.png\",\"width\":885,\"height\":227,\"caption\":\"Hotel Centrale Mestre\"},\"image\":{\"@id\":\"https:\/\/www.hotelcentralevenice.com\/fr\/#\/schema\/logo\/image\/\"}}]}<\/script>\n<!-- \/ Yoast SEO plugin. -->","yoast_head_json":{"title":"O\u00f9 tout le monde est le bienvenu - Hotel Centrale Mestre","description":"L\u2019H\u00f4tel Centrale est un h\u00f4tel Bike Friendly, Pets Friendly et parfaitement adapt\u00e9 aux familles avec enfants. &nbsp;  &nbsp;.","robots":{"index":"noindex","follow":"follow","max-snippet":"max-snippet:-1","max-image-preview":"max-image-preview:large","max-video-preview":"max-video-preview:-1"},"og_locale":"fr_FR","og_type":"article","og_title":"O\u00f9 tout le monde est le bienvenu - Hotel Centrale Mestre","og_description":"L\u2019H\u00f4tel Centrale est un h\u00f4tel Bike Friendly, Pets Friendly et parfaitement adapt\u00e9 aux familles avec enfants. &nbsp;  &nbsp;.","og_url":"https:\/\/www.hotelcentralevenice.com\/fr\/ou-tout-le-monde-est-le-bienvenu\/","og_site_name":"Hotel Centrale Mestre","article_modified_time":"2023-12-04T11:42:59+00:00","twitter_card":"summary_large_image","twitter_misc":{"Dur\u00e9e de lecture estim\u00e9e":"1 minute"},"schema":{"@context":"https:\/\/schema.org","@graph":[{"@type":"WebPage","@id":"https:\/\/www.hotelcentralevenice.com\/fr\/ou-tout-le-monde-est-le-bienvenu\/","url":"https:\/\/www.hotelcentralevenice.com\/fr\/ou-tout-le-monde-est-le-bienvenu\/","name":"O\u00f9 tout le monde est le bienvenu - Hotel Centrale Mestre","isPartOf":{"@id":"https:\/\/www.hotelcentralevenice.com\/fr\/#website"},"datePublished":"2023-06-23T12:39:57+00:00","dateModified":"2023-12-04T11:42:59+00:00","description":"L\u2019H\u00f4tel Centrale est un h\u00f4tel Bike Friendly, Pets Friendly et parfaitement adapt\u00e9 aux familles avec enfants. &nbsp; &nbsp;.","breadcrumb":{"@id":"https:\/\/www.hotelcentralevenice.com\/fr\/ou-tout-le-monde-est-le-bienvenu\/#breadcrumb"},"inLanguage":"fr-FR","potentialAction":[{"@type":"ReadAction","target":["https:\/\/www.hotelcentralevenice.com\/fr\/ou-tout-le-monde-est-le-bienvenu\/"]}]},{"@type":"BreadcrumbList","@id":"https:\/\/www.hotelcentralevenice.com\/fr\/ou-tout-le-monde-est-le-bienvenu\/#breadcrumb","itemListElement":[{"@type":"ListItem","position":1,"name":"Home","item":"https:\/\/www.hotelcentralevenice.com\/fr\/"},{"@type":"ListItem","position":2,"name":"O\u00f9 tout le monde est le bienvenu"}]},{"@type":"WebSite","@id":"https:\/\/www.hotelcentralevenice.com\/fr\/#website","url":"https:\/\/www.hotelcentralevenice.com\/fr\/","name":"Hotel Centrale Mestre","description":"","publisher":{"@id":"https:\/\/www.hotelcentralevenice.com\/fr\/#organization"},"potentialAction":[{"@type":"SearchAction","target":{"@type":"EntryPoint","urlTemplate":"https:\/\/www.hotelcentralevenice.com\/fr\/?s={search_term_string}"},"query-input":"required name=search_term_string"}],"inLanguage":"fr-FR"},{"@type":"Organization","@id":"https:\/\/www.hotelcentralevenice.com\/fr\/#organization","name":"Hotel Centrale Mestre","url":"https:\/\/www.hotelcentralevenice.com\/fr\/","logo":{"@type":"ImageObject","inLanguage":"fr-FR","@id":"https:\/\/www.hotelcentralevenice.com\/fr\/#\/schema\/logo\/image\/","url":"https:\/\/centrale-mestre.ms2.decms.eu\/wp-content\/uploads\/sites\/46\/2023\/06\/Logo-Hotel-Centrale-Rev01.png","contentUrl":"https:\/\/centrale-mestre.ms2.decms.eu\/wp-content\/uploads\/sites\/46\/2023\/06\/Logo-Hotel-Centrale-Rev01.png","width":885,"height":227,"caption":"Hotel Centrale Mestre"},"image":{"@id":"https:\/\/www.hotelcentralevenice.com\/fr\/#\/schema\/logo\/image\/"}}]}},"acf":[],"_links":{"self":[{"href":"https:\/\/www.hotelcentralevenice.com\/fr\/wp-json\/wp\/v2\/pages\/382"}],"collection":[{"href":"https:\/\/www.hotelcentralevenice.com\/fr\/wp-json\/wp\/v2\/pages"}],"about":[{"href":"https:\/\/www.hotelcentralevenice.com\/fr\/wp-json\/wp\/v2\/types\/page"}],"author":[{"embeddable":true,"href":"https:\/\/www.hotelcentralevenice.com\/fr\/wp-json\/wp\/v2\/users\/12"}],"replies":[{"embeddable":true,"href":"https:\/\/www.hotelcentralevenice.com\/fr\/wp-json\/wp\/v2\/comments?post=382"}],"version-history":[{"count":0,"href":"https:\/\/www.hotelcentralevenice.com\/fr\/wp-json\/wp\/v2\/pages\/382\/revisions"}],"wp:attachment":[{"href":"https:\/\/www.hotelcentralevenice.com\/fr\/wp-json\/wp\/v2\/media?parent=382"}],"curies":[{"name":"wp","href":"https:\/\/api.w.org\/{rel}","templated":true}]}}